{"id":2,"date":"2022-08-25T09:41:50","date_gmt":"2022-08-25T09:41:50","guid":{"rendered":"https:\/\/rise.org.ro\/?page_id=2"},"modified":"2022-08-25T11:12:15","modified_gmt":"2022-08-25T11:12:15","slug":"despre","status":"publish","type":"page","link":"https:\/\/rise.org.ro\/index.php\/despre\/","title":{"rendered":"Despre noi"},"content":{"rendered":"<p style=\"text-align: center;\">Asocia\u021bia Rom\u00e2n\u0103 de Rela\u021bii Interna\u021bionale \u0219i Studii Europene<br \/>\n(ARRISE)\u00a0a fost \u00eenfiin\u021bat\u0103 \u00een\u00a02010.<\/p>\n<p style=\"text-align: center;\">Este compus\u0103 din speciali\u0219ti \u2013 cadre universitare \u0219i<br \/>\npracticieni \u2013 \u0219i se define\u0219te ca o organiza\u021bie profesional\u0103 \u00een cadrul\u00a0Domeniului Rela\u021bii Interna\u021bionale \u0219i Studii Europene (RISE). ARRISE a fost creat cu scopul de a \u00eenfiin\u021ba un<br \/>\nparteneriat func\u021bional \u0219i eficient cu autorit\u0103\u021bile publice \u0219i cu persoane juridice private care\u00a0sunt interesate de acest domeniu academic.<\/p>\n<p style=\"text-align: center;\">Scopul asocia\u021biei este de a \u00eembun\u0103t\u0103\u021bi cuno\u0219tin\u021bele\u00a0despre domeniul RISE \u015fi promovarea valorilor intrinseci apar\u0163in\u00e2nd ariei de studiu academic \u015fi de\u00a0cercetare, nu doar \u00een Rom\u00e2nia, ci \u0219i \u00een Europa \u0219i \u00een \u00eentreaga lume.<br \/>\n\u00cen noiembrie 2012, \u00een urma unei vizite de evaluare efectuat\u0103 la\u00a0Bucure\u0219ti de\u00a0Prof. dr. Enrique Banus, Pre\u0219edinte ECSA (Studii comunitare europene<br \/>\nAsocia\u021bia), ARRISE a devenit membru cu drepturi depline al re\u021belei ECSA, \u00eempreun\u0103 cu alte peste 50 de asocia\u021bii academice na\u021bionale \u0219i regionale care sunt interesate de stimularea pred\u0103rii \u0219i\u00a0cercetare privind integrarea european\u0103.<\/p>\n<p>&nbsp;<\/p>\n<p><img loading=\"lazy\" decoding=\"async\" class=\"aligncenter wp-image-21 size-large\" src=\"https:\/\/rise.org.ro\/wp-content\/uploads\/2022\/08\/Screenshot-2022-08-25-at-13.43.55-1024x685.png\" alt=\"\" width=\"640\" height=\"428\" srcset=\"https:\/\/rise.org.ro\/wp-content\/uploads\/2022\/08\/Screenshot-2022-08-25-at-13.43.55-1024x685.png 1024w, https:\/\/rise.org.ro\/wp-content\/uploads\/2022\/08\/Screenshot-2022-08-25-at-13.43.55-300x201.png 300w, https:\/\/rise.org.ro\/wp-content\/uploads\/2022\/08\/Screenshot-2022-08-25-at-13.43.55-768x513.png 768w, https:\/\/rise.org.ro\/wp-content\/uploads\/2022\/08\/Screenshot-2022-08-25-at-13.43.55-1536x1027.png 1536w, https:\/\/rise.org.ro\/wp-content\/uploads\/2022\/08\/Screenshot-2022-08-25-at-13.43.55-2048x1369.png 2048w, https:\/\/rise.org.ro\/wp-content\/uploads\/2022\/08\/Screenshot-2022-08-25-at-13.43.55-600x400.png 600w\" sizes=\"auto, (max-width: 640px) 100vw, 640px\" \/><\/p>\n","protected":false},"excerpt":{"rendered":"<p>Asocia\u021bia Rom\u00e2n\u0103 de Rela\u021bii Interna\u021bionale \u0219i Studii Europene (ARRISE)\u00a0a fost \u00eenfiin\u021bat\u0103 \u00een\u00a02010. Este compus\u0103 din speciali\u0219ti \u2013 cadre universitare \u0219i practicieni \u2013 \u0219i se define\u0219te ca o organiza\u021bie profesional\u0103 \u00een cadrul\u00a0Domeniului Rela\u021bii Interna\u021bionale \u0219i Studii Europene (RISE). ARRISE a fost creat cu scopul de a \u00eenfiin\u021ba un parteneriat func\u021bional \u0219i eficient cu autorit\u0103\u021bile publice \u0219i cu persoane juridice private care\u00a0sunt [&hellip;]<\/p>\n","protected":false},"author":1,"featured_media":0,"parent":0,"menu_order":0,"comment_status":"closed","ping_status":"open","template":"","meta":{"footnotes":""},"class_list":["post-2","page","type-page","status-publish","hentry"],"yoast_head":"<!-- This site is optimized with the Yoast SEO plugin v19.6 - https:\/\/yoast.com\/wordpress\/plugins\/seo\/ -->\n<title>Despre noi - ARRISE<\/title>\n<meta name=\"robots\" content=\"index, follow, max-snippet:-1, max-image-preview:large, max-video-preview:-1\" \/>\n<link rel=\"canonical\" href=\"https:\/\/rise.org.ro\/index.php\/despre\/\" \/>\n<meta property=\"og:locale\" content=\"en_US\" \/>\n<meta property=\"og:type\" content=\"article\" \/>\n<meta property=\"og:title\" content=\"Despre noi - ARRISE\" \/>\n<meta property=\"og:description\" content=\"Asocia\u021bia Rom\u00e2n\u0103 de Rela\u021bii Interna\u021bionale \u0219i Studii Europene (ARRISE)\u00a0a fost \u00eenfiin\u021bat\u0103 \u00een\u00a02010. Este compus\u0103 din speciali\u0219ti \u2013 cadre universitare \u0219i practicieni \u2013 \u0219i se define\u0219te ca o organiza\u021bie profesional\u0103 \u00een cadrul\u00a0Domeniului Rela\u021bii Interna\u021bionale \u0219i Studii Europene (RISE). ARRISE a fost creat cu scopul de a \u00eenfiin\u021ba un parteneriat func\u021bional \u0219i eficient cu autorit\u0103\u021bile publice \u0219i cu persoane juridice private care\u00a0sunt [&hellip;]\" \/>\n<meta property=\"og:url\" content=\"https:\/\/rise.org.ro\/index.php\/despre\/\" \/>\n<meta property=\"og:site_name\" content=\"ARRISE\" \/>\n<meta property=\"article:modified_time\" content=\"2022-08-25T11:12:15+00:00\" \/>\n<meta property=\"og:image\" content=\"https:\/\/rise.org.ro\/wp-content\/uploads\/2022\/08\/Screenshot-2022-08-25-at-13.43.55-1024x685.png\" \/>\n<meta name=\"twitter:card\" content=\"summary_large_image\" \/>\n<meta name=\"twitter:label1\" content=\"Est. reading time\" \/>\n\t<meta name=\"twitter:data1\" content=\"1 minute\" \/>\n<script type=\"application\/ld+json\" class=\"yoast-schema-graph\">{\"@context\":\"https:\/\/schema.org\",\"@graph\":[{\"@type\":\"WebPage\",\"@id\":\"https:\/\/rise.org.ro\/index.php\/despre\/\",\"url\":\"https:\/\/rise.org.ro\/index.php\/despre\/\",\"name\":\"Despre noi - ARRISE\",\"isPartOf\":{\"@id\":\"https:\/\/rise.org.ro\/#website\"},\"datePublished\":\"2022-08-25T09:41:50+00:00\",\"dateModified\":\"2022-08-25T11:12:15+00:00\",\"breadcrumb\":{\"@id\":\"https:\/\/rise.org.ro\/index.php\/despre\/#breadcrumb\"},\"inLanguage\":\"en-US\",\"potentialAction\":[{\"@type\":\"ReadAction\",\"target\":[\"https:\/\/rise.org.ro\/index.php\/despre\/\"]}]},{\"@type\":\"BreadcrumbList\",\"@id\":\"https:\/\/rise.org.ro\/index.php\/despre\/#breadcrumb\",\"itemListElement\":[{\"@type\":\"ListItem\",\"position\":1,\"name\":\"Home\",\"item\":\"https:\/\/rise.org.ro\/\"},{\"@type\":\"ListItem\",\"position\":2,\"name\":\"Despre noi\"}]},{\"@type\":\"WebSite\",\"@id\":\"https:\/\/rise.org.ro\/#website\",\"url\":\"https:\/\/rise.org.ro\/\",\"name\":\"ARRISE\",\"description\":\"Just another WordPress site\",\"publisher\":{\"@id\":\"https:\/\/rise.org.ro\/#organization\"},\"potentialAction\":[{\"@type\":\"SearchAction\",\"target\":{\"@type\":\"EntryPoint\",\"urlTemplate\":\"https:\/\/rise.org.ro\/?s={search_term_string}\"},\"query-input\":\"required name=search_term_string\"}],\"inLanguage\":\"en-US\"},{\"@type\":\"Organization\",\"@id\":\"https:\/\/rise.org.ro\/#organization\",\"name\":\"ARRISE\",\"url\":\"https:\/\/rise.org.ro\/\",\"sameAs\":[],\"logo\":{\"@type\":\"ImageObject\",\"inLanguage\":\"en-US\",\"@id\":\"https:\/\/rise.org.ro\/#\/schema\/logo\/image\/\",\"url\":\"https:\/\/rise.org.ro\/wp-content\/uploads\/2022\/08\/Logo-ARISSE-01.png\",\"contentUrl\":\"https:\/\/rise.org.ro\/wp-content\/uploads\/2022\/08\/Logo-ARISSE-01.png\",\"width\":591,\"height\":591,\"caption\":\"ARRISE\"},\"image\":{\"@id\":\"https:\/\/rise.org.ro\/#\/schema\/logo\/image\/\"}}]}<\/script>\n<!-- \/ Yoast SEO plugin. -->","yoast_head_json":{"title":"Despre noi - ARRISE","robots":{"index":"index","follow":"follow","max-snippet":"max-snippet:-1","max-image-preview":"max-image-preview:large","max-video-preview":"max-video-preview:-1"},"canonical":"https:\/\/rise.org.ro\/index.php\/despre\/","og_locale":"en_US","og_type":"article","og_title":"Despre noi - ARRISE","og_description":"Asocia\u021bia Rom\u00e2n\u0103 de Rela\u021bii Interna\u021bionale \u0219i Studii Europene (ARRISE)\u00a0a fost \u00eenfiin\u021bat\u0103 \u00een\u00a02010. Este compus\u0103 din speciali\u0219ti \u2013 cadre universitare \u0219i practicieni \u2013 \u0219i se define\u0219te ca o organiza\u021bie profesional\u0103 \u00een cadrul\u00a0Domeniului Rela\u021bii Interna\u021bionale \u0219i Studii Europene (RISE). ARRISE a fost creat cu scopul de a \u00eenfiin\u021ba un parteneriat func\u021bional \u0219i eficient cu autorit\u0103\u021bile publice \u0219i cu persoane juridice private care\u00a0sunt [&hellip;]","og_url":"https:\/\/rise.org.ro\/index.php\/despre\/","og_site_name":"ARRISE","article_modified_time":"2022-08-25T11:12:15+00:00","og_image":[{"url":"https:\/\/rise.org.ro\/wp-content\/uploads\/2022\/08\/Screenshot-2022-08-25-at-13.43.55-1024x685.png"}],"twitter_card":"summary_large_image","twitter_misc":{"Est. reading time":"1 minute"},"schema":{"@context":"https:\/\/schema.org","@graph":[{"@type":"WebPage","@id":"https:\/\/rise.org.ro\/index.php\/despre\/","url":"https:\/\/rise.org.ro\/index.php\/despre\/","name":"Despre noi - ARRISE","isPartOf":{"@id":"https:\/\/rise.org.ro\/#website"},"datePublished":"2022-08-25T09:41:50+00:00","dateModified":"2022-08-25T11:12:15+00:00","breadcrumb":{"@id":"https:\/\/rise.org.ro\/index.php\/despre\/#breadcrumb"},"inLanguage":"en-US","potentialAction":[{"@type":"ReadAction","target":["https:\/\/rise.org.ro\/index.php\/despre\/"]}]},{"@type":"BreadcrumbList","@id":"https:\/\/rise.org.ro\/index.php\/despre\/#breadcrumb","itemListElement":[{"@type":"ListItem","position":1,"name":"Home","item":"https:\/\/rise.org.ro\/"},{"@type":"ListItem","position":2,"name":"Despre noi"}]},{"@type":"WebSite","@id":"https:\/\/rise.org.ro\/#website","url":"https:\/\/rise.org.ro\/","name":"ARRISE","description":"Just another WordPress site","publisher":{"@id":"https:\/\/rise.org.ro\/#organization"},"potentialAction":[{"@type":"SearchAction","target":{"@type":"EntryPoint","urlTemplate":"https:\/\/rise.org.ro\/?s={search_term_string}"},"query-input":"required name=search_term_string"}],"inLanguage":"en-US"},{"@type":"Organization","@id":"https:\/\/rise.org.ro\/#organization","name":"ARRISE","url":"https:\/\/rise.org.ro\/","sameAs":[],"logo":{"@type":"ImageObject","inLanguage":"en-US","@id":"https:\/\/rise.org.ro\/#\/schema\/logo\/image\/","url":"https:\/\/rise.org.ro\/wp-content\/uploads\/2022\/08\/Logo-ARISSE-01.png","contentUrl":"https:\/\/rise.org.ro\/wp-content\/uploads\/2022\/08\/Logo-ARISSE-01.png","width":591,"height":591,"caption":"ARRISE"},"image":{"@id":"https:\/\/rise.org.ro\/#\/schema\/logo\/image\/"}}]}},"_links":{"self":[{"href":"https:\/\/rise.org.ro\/index.php\/wp-json\/wp\/v2\/pages\/2","targetHints":{"allow":["GET"]}}],"collection":[{"href":"https:\/\/rise.org.ro\/index.php\/wp-json\/wp\/v2\/pages"}],"about":[{"href":"https:\/\/rise.org.ro\/index.php\/wp-json\/wp\/v2\/types\/page"}],"author":[{"embeddable":true,"href":"https:\/\/rise.org.ro\/index.php\/wp-json\/wp\/v2\/users\/1"}],"replies":[{"embeddable":true,"href":"https:\/\/rise.org.ro\/index.php\/wp-json\/wp\/v2\/comments?post=2"}],"version-history":[{"count":5,"href":"https:\/\/rise.org.ro\/index.php\/wp-json\/wp\/v2\/pages\/2\/revisions"}],"predecessor-version":[{"id":22,"href":"https:\/\/rise.org.ro\/index.php\/wp-json\/wp\/v2\/pages\/2\/revisions\/22"}],"wp:attachment":[{"href":"https:\/\/rise.org.ro\/index.php\/wp-json\/wp\/v2\/media?parent=2"}],"curies":[{"name":"wp","href":"https:\/\/api.w.org\/{rel}","templated":true}]}}