{"id":230,"date":"2023-12-20T20:18:09","date_gmt":"2023-12-20T20:18:09","guid":{"rendered":"https:\/\/rise.org.ro\/?page_id=230"},"modified":"2023-12-20T20:30:29","modified_gmt":"2023-12-20T20:30:29","slug":"rezultate-si-livrabile-ale-proiectului-consolidarea-institutionala-a-arrise-pentru-dezvoltarea-locala-participativa-cod-sipoca-smis-889-150956","status":"publish","type":"page","link":"https:\/\/rise.org.ro\/index.php\/proiecte\/rezultate-si-livrabile-ale-proiectului-consolidarea-institutionala-a-arrise-pentru-dezvoltarea-locala-participativa-cod-sipoca-smis-889-150956\/","title":{"rendered":"Rezultate \u0219i livrabile ale proiectului \u201eConsolidarea institu\u021bional\u0103 a ARRISE pentru dezvoltarea local\u0103 participativ\u0103\u201d Cod SIPOCA\/SMIS: 889\/ 150956"},"content":{"rendered":"<p>Livrabile elaborate \u00een cadrul proiectului \u201cConsolidarea institutional\u0103 a ARRISE\u00a0pentru dezvoltarea local\u0103 participativ\u0103\u201d, cod SIPOCA 889\/MySMIS 150956:<\/p>\n<p>A.4.1. Realizarea unei analize diagnostic privind obiectivele unei strategii\u00a0dezvoltare locala pentru Orasul Racari, judetul Dambovita, pentru perioada de\u00a0programe 2021-2027<\/p>\n<ul>\n<li><a href=\"https:\/\/rise.org.ro\/wp-content\/uploads\/2023\/12\/Raport-de-analiza-diagnostic_encrypt.pdf\" target=\"_blank\" rel=\"noopener\"><b>Raport de analiz\u0103 diagnostic privind privind percep\u0163ia public\u0103 \u015fi pozi\u0163ia institu\u0163ional\u0103 privind direc\u021biile \u0219i necesit\u0103\u021bile de dezvoltare local\u0103<\/b><\/a><\/li>\n<\/ul>\n<p>A.4.2. Elaborarea unei propuneri de strategie de dezvoltare local\u0103 pentru\u00a0ora\u015ful R\u0103cari, jude\u0163ul D\u00e2mbovi\u0163a, pentru perioada de programe 2021-2027, ca\u00a0validare a competen\u0163elor ARRISE privind formularea politicilor de dezvoltare \u015fi\u00a0promovarea dezvolt\u0103rii durabile la nivel local<\/p>\n<p><strong>&#8211;<a href=\"https:\/\/rise.org.ro\/wp-content\/uploads\/2023\/12\/A.4.2_Propunere-Strategie-dezvoltare-locala-2021-2027_encrypt_encrypt.pdf\" target=\"_blank\" rel=\"noopener\"> Propunere Strategie de dezvoltare local\u0103\u00a0pentru ora\u015ful R\u0103cari, jude\u0163ul D\u00e2mbovi\u0163a,pentru perioada de programare 2021-2027<\/a><\/strong><\/p>\n<p><strong>&#8211; <\/strong><a href=\"https:\/\/rise.org.ro\/wp-content\/uploads\/2023\/12\/A.4.2_Plan-de-actiuni-educare-cetateni_encrypt-1.pdf\" target=\"_blank\" rel=\"noopener\"><strong>Plan de actiune privind educarea cetatenilor in problemele de mediu, egalitate de\u00a0gen, nediscriminare si egalitate de sanse, precum si participarea activa a acestora \u00een \u0219i pentru comunitate<\/strong><\/a><\/p>\n<p><strong>&#8211; <a href=\"https:\/\/rise.org.ro\/wp-content\/uploads\/2023\/12\/A.4.2_Plan-monitorizare-aprobare-si-implementare-SDL_encrypt.pdf\" target=\"_blank\" rel=\"noopener\">Plan de ac\u0163iune pe termen mediu (6 luni) pentru monitorizarea aprob\u0103rii \u0219i\u00a0implement\u0103rii strategiei de dezvoltare local\u0103, precum \u0219i de monitorizare a\u00a0parteneriatului de dezvoltare local\u0103<\/a><\/strong><\/p>\n<p><strong>&#8211; <a href=\"https:\/\/rise.org.ro\/wp-content\/uploads\/2023\/12\/A.4.2_Raport-DEZBATERE-1_encrypt.pdf\" target=\"_blank\" rel=\"noopener\">Raport Dezbatere\u00a01<\/a><\/strong><\/p>\n<p><strong>&#8211; <a href=\"https:\/\/rise.org.ro\/wp-content\/uploads\/2023\/12\/A.4.2_Raport-DEZBATERI-2-si-3_encrypt.pdf\" target=\"_blank\" rel=\"noopener\">Raport\u00a0Dezbateri 2 \u0219i\u00a03<\/a><\/strong><\/p>\n<p>A.5. Informare, comunicare \u0219i publicitate<\/p>\n<p>&#8211;<strong> <a href=\"https:\/\/rise.org.ro\/wp-content\/uploads\/2023\/12\/A.5._comunicat-lansare-proiect-ARRISE.pdf\" target=\"_blank\" rel=\"noopener\">Comunicat lansare proiect<\/a><\/strong><\/p>\n<p><strong>&#8211; <a href=\"https:\/\/rise.org.ro\/wp-content\/uploads\/2023\/12\/A.5_comunicat-finalizare-proiect-ARRISE.pdf\" target=\"_blank\" rel=\"noopener\">Comunicat finalizare proiect<\/a><\/strong><\/p>\n<p><strong>&#8211; <\/strong><a href=\"https:\/\/rise.org.ro\/wp-content\/uploads\/2023\/02\/ARRISE_pliant-proiect.pdf\" target=\"_blank\" rel=\"noopener\"><strong>Pliant proiect<\/strong><\/a><\/p>\n<div class=\"page\" title=\"Page 1\">\n<div class=\"layoutArea\">\n<div class=\"column\">\n<div class=\"page\" title=\"Page 1\">\n<div class=\"layoutArea\">\n<div class=\"column\">\n<p>&nbsp;<\/p>\n<\/div>\n<\/div>\n<\/div>\n<\/div>\n<\/div>\n<\/div>\n","protected":false},"excerpt":{"rendered":"<p>Livrabile elaborate \u00een cadrul proiectului \u201cConsolidarea institutional\u0103 a ARRISE\u00a0pentru dezvoltarea local\u0103 participativ\u0103\u201d, cod SIPOCA 889\/MySMIS 150956: A.4.1. Realizarea unei analize diagnostic privind obiectivele unei strategii\u00a0dezvoltare locala pentru Orasul Racari, judetul Dambovita, pentru perioada de\u00a0programe 2021-2027 Raport de analiz\u0103 diagnostic privind privind percep\u0163ia public\u0103 \u015fi pozi\u0163ia institu\u0163ional\u0103 privind direc\u021biile \u0219i necesit\u0103\u021bile de dezvoltare local\u0103 A.4.2. Elaborarea unei propuneri de strategie de [&hellip;]<\/p>\n","protected":false},"author":1,"featured_media":0,"parent":45,"menu_order":0,"comment_status":"closed","ping_status":"closed","template":"","meta":{"footnotes":""},"class_list":["post-230","page","type-page","status-publish","hentry"],"yoast_head":"<!-- This site is optimized with the Yoast SEO plugin v19.6 - https:\/\/yoast.com\/wordpress\/plugins\/seo\/ -->\n<title>Rezultate \u0219i livrabile ale proiectului \u201eConsolidarea institu\u021bional\u0103 a ARRISE pentru dezvoltarea local\u0103 participativ\u0103\u201d Cod SIPOCA\/SMIS: 889\/ 150956 - ARRISE<\/title>\n<meta name=\"robots\" content=\"index, follow, max-snippet:-1, max-image-preview:large, max-video-preview:-1\" \/>\n<link rel=\"canonical\" href=\"https:\/\/rise.org.ro\/index.php\/proiecte\/rezultate-si-livrabile-ale-proiectului-consolidarea-institutionala-a-arrise-pentru-dezvoltarea-locala-participativa-cod-sipoca-smis-889-150956\/\" \/>\n<meta property=\"og:locale\" content=\"en_US\" \/>\n<meta property=\"og:type\" content=\"article\" \/>\n<meta property=\"og:title\" content=\"Rezultate \u0219i livrabile ale proiectului \u201eConsolidarea institu\u021bional\u0103 a ARRISE pentru dezvoltarea local\u0103 participativ\u0103\u201d Cod SIPOCA\/SMIS: 889\/ 150956 - ARRISE\" \/>\n<meta property=\"og:description\" content=\"Livrabile elaborate \u00een cadrul proiectului \u201cConsolidarea institutional\u0103 a ARRISE\u00a0pentru dezvoltarea local\u0103 participativ\u0103\u201d, cod SIPOCA 889\/MySMIS 150956: A.4.1. Realizarea unei analize diagnostic privind obiectivele unei strategii\u00a0dezvoltare locala pentru Orasul Racari, judetul Dambovita, pentru perioada de\u00a0programe 2021-2027 Raport de analiz\u0103 diagnostic privind privind percep\u0163ia public\u0103 \u015fi pozi\u0163ia institu\u0163ional\u0103 privind direc\u021biile \u0219i necesit\u0103\u021bile de dezvoltare local\u0103 A.4.2. Elaborarea unei propuneri de strategie de [&hellip;]\" \/>\n<meta property=\"og:url\" content=\"https:\/\/rise.org.ro\/index.php\/proiecte\/rezultate-si-livrabile-ale-proiectului-consolidarea-institutionala-a-arrise-pentru-dezvoltarea-locala-participativa-cod-sipoca-smis-889-150956\/\" \/>\n<meta property=\"og:site_name\" content=\"ARRISE\" \/>\n<meta property=\"article:modified_time\" content=\"2023-12-20T20:30:29+00:00\" \/>\n<meta name=\"twitter:card\" content=\"summary_large_image\" \/>\n<meta name=\"twitter:label1\" content=\"Est. reading time\" \/>\n\t<meta name=\"twitter:data1\" content=\"3 minutes\" \/>\n<script type=\"application\/ld+json\" class=\"yoast-schema-graph\">{\"@context\":\"https:\/\/schema.org\",\"@graph\":[{\"@type\":\"WebPage\",\"@id\":\"https:\/\/rise.org.ro\/index.php\/proiecte\/rezultate-si-livrabile-ale-proiectului-consolidarea-institutionala-a-arrise-pentru-dezvoltarea-locala-participativa-cod-sipoca-smis-889-150956\/\",\"url\":\"https:\/\/rise.org.ro\/index.php\/proiecte\/rezultate-si-livrabile-ale-proiectului-consolidarea-institutionala-a-arrise-pentru-dezvoltarea-locala-participativa-cod-sipoca-smis-889-150956\/\",\"name\":\"Rezultate \u0219i livrabile ale proiectului \u201eConsolidarea institu\u021bional\u0103 a ARRISE pentru dezvoltarea local\u0103 participativ\u0103\u201d Cod SIPOCA\/SMIS: 889\/ 150956 - ARRISE\",\"isPartOf\":{\"@id\":\"https:\/\/rise.org.ro\/#website\"},\"datePublished\":\"2023-12-20T20:18:09+00:00\",\"dateModified\":\"2023-12-20T20:30:29+00:00\",\"breadcrumb\":{\"@id\":\"https:\/\/rise.org.ro\/index.php\/proiecte\/rezultate-si-livrabile-ale-proiectului-consolidarea-institutionala-a-arrise-pentru-dezvoltarea-locala-participativa-cod-sipoca-smis-889-150956\/#breadcrumb\"},\"inLanguage\":\"en-US\",\"potentialAction\":[{\"@type\":\"ReadAction\",\"target\":[\"https:\/\/rise.org.ro\/index.php\/proiecte\/rezultate-si-livrabile-ale-proiectului-consolidarea-institutionala-a-arrise-pentru-dezvoltarea-locala-participativa-cod-sipoca-smis-889-150956\/\"]}]},{\"@type\":\"BreadcrumbList\",\"@id\":\"https:\/\/rise.org.ro\/index.php\/proiecte\/rezultate-si-livrabile-ale-proiectului-consolidarea-institutionala-a-arrise-pentru-dezvoltarea-locala-participativa-cod-sipoca-smis-889-150956\/#breadcrumb\",\"itemListElement\":[{\"@type\":\"ListItem\",\"position\":1,\"name\":\"Home\",\"item\":\"https:\/\/rise.org.ro\/\"},{\"@type\":\"ListItem\",\"position\":2,\"name\":\"Proiecte\",\"item\":\"https:\/\/rise.org.ro\/index.php\/proiecte\/\"},{\"@type\":\"ListItem\",\"position\":3,\"name\":\"Rezultate \u0219i livrabile ale proiectului \u201eConsolidarea institu\u021bional\u0103 a ARRISE pentru dezvoltarea local\u0103 participativ\u0103\u201d Cod SIPOCA\/SMIS: 889\/ 150956\"}]},{\"@type\":\"WebSite\",\"@id\":\"https:\/\/rise.org.ro\/#website\",\"url\":\"https:\/\/rise.org.ro\/\",\"name\":\"ARRISE\",\"description\":\"Just another WordPress site\",\"publisher\":{\"@id\":\"https:\/\/rise.org.ro\/#organization\"},\"potentialAction\":[{\"@type\":\"SearchAction\",\"target\":{\"@type\":\"EntryPoint\",\"urlTemplate\":\"https:\/\/rise.org.ro\/?s={search_term_string}\"},\"query-input\":\"required name=search_term_string\"}],\"inLanguage\":\"en-US\"},{\"@type\":\"Organization\",\"@id\":\"https:\/\/rise.org.ro\/#organization\",\"name\":\"ARRISE\",\"url\":\"https:\/\/rise.org.ro\/\",\"sameAs\":[],\"logo\":{\"@type\":\"ImageObject\",\"inLanguage\":\"en-US\",\"@id\":\"https:\/\/rise.org.ro\/#\/schema\/logo\/image\/\",\"url\":\"https:\/\/rise.org.ro\/wp-content\/uploads\/2022\/08\/Logo-ARISSE-01.png\",\"contentUrl\":\"https:\/\/rise.org.ro\/wp-content\/uploads\/2022\/08\/Logo-ARISSE-01.png\",\"width\":591,\"height\":591,\"caption\":\"ARRISE\"},\"image\":{\"@id\":\"https:\/\/rise.org.ro\/#\/schema\/logo\/image\/\"}}]}<\/script>\n<!-- \/ Yoast SEO plugin. -->","yoast_head_json":{"title":"Rezultate \u0219i livrabile ale proiectului \u201eConsolidarea institu\u021bional\u0103 a ARRISE pentru dezvoltarea local\u0103 participativ\u0103\u201d Cod SIPOCA\/SMIS: 889\/ 150956 - ARRISE","robots":{"index":"index","follow":"follow","max-snippet":"max-snippet:-1","max-image-preview":"max-image-preview:large","max-video-preview":"max-video-preview:-1"},"canonical":"https:\/\/rise.org.ro\/index.php\/proiecte\/rezultate-si-livrabile-ale-proiectului-consolidarea-institutionala-a-arrise-pentru-dezvoltarea-locala-participativa-cod-sipoca-smis-889-150956\/","og_locale":"en_US","og_type":"article","og_title":"Rezultate \u0219i livrabile ale proiectului \u201eConsolidarea institu\u021bional\u0103 a ARRISE pentru dezvoltarea local\u0103 participativ\u0103\u201d Cod SIPOCA\/SMIS: 889\/ 150956 - ARRISE","og_description":"Livrabile elaborate \u00een cadrul proiectului \u201cConsolidarea institutional\u0103 a ARRISE\u00a0pentru dezvoltarea local\u0103 participativ\u0103\u201d, cod SIPOCA 889\/MySMIS 150956: A.4.1. Realizarea unei analize diagnostic privind obiectivele unei strategii\u00a0dezvoltare locala pentru Orasul Racari, judetul Dambovita, pentru perioada de\u00a0programe 2021-2027 Raport de analiz\u0103 diagnostic privind privind percep\u0163ia public\u0103 \u015fi pozi\u0163ia institu\u0163ional\u0103 privind direc\u021biile \u0219i necesit\u0103\u021bile de dezvoltare local\u0103 A.4.2. Elaborarea unei propuneri de strategie de [&hellip;]","og_url":"https:\/\/rise.org.ro\/index.php\/proiecte\/rezultate-si-livrabile-ale-proiectului-consolidarea-institutionala-a-arrise-pentru-dezvoltarea-locala-participativa-cod-sipoca-smis-889-150956\/","og_site_name":"ARRISE","article_modified_time":"2023-12-20T20:30:29+00:00","twitter_card":"summary_large_image","twitter_misc":{"Est. reading time":"3 minutes"},"schema":{"@context":"https:\/\/schema.org","@graph":[{"@type":"WebPage","@id":"https:\/\/rise.org.ro\/index.php\/proiecte\/rezultate-si-livrabile-ale-proiectului-consolidarea-institutionala-a-arrise-pentru-dezvoltarea-locala-participativa-cod-sipoca-smis-889-150956\/","url":"https:\/\/rise.org.ro\/index.php\/proiecte\/rezultate-si-livrabile-ale-proiectului-consolidarea-institutionala-a-arrise-pentru-dezvoltarea-locala-participativa-cod-sipoca-smis-889-150956\/","name":"Rezultate \u0219i livrabile ale proiectului \u201eConsolidarea institu\u021bional\u0103 a ARRISE pentru dezvoltarea local\u0103 participativ\u0103\u201d Cod SIPOCA\/SMIS: 889\/ 150956 - ARRISE","isPartOf":{"@id":"https:\/\/rise.org.ro\/#website"},"datePublished":"2023-12-20T20:18:09+00:00","dateModified":"2023-12-20T20:30:29+00:00","breadcrumb":{"@id":"https:\/\/rise.org.ro\/index.php\/proiecte\/rezultate-si-livrabile-ale-proiectului-consolidarea-institutionala-a-arrise-pentru-dezvoltarea-locala-participativa-cod-sipoca-smis-889-150956\/#breadcrumb"},"inLanguage":"en-US","potentialAction":[{"@type":"ReadAction","target":["https:\/\/rise.org.ro\/index.php\/proiecte\/rezultate-si-livrabile-ale-proiectului-consolidarea-institutionala-a-arrise-pentru-dezvoltarea-locala-participativa-cod-sipoca-smis-889-150956\/"]}]},{"@type":"BreadcrumbList","@id":"https:\/\/rise.org.ro\/index.php\/proiecte\/rezultate-si-livrabile-ale-proiectului-consolidarea-institutionala-a-arrise-pentru-dezvoltarea-locala-participativa-cod-sipoca-smis-889-150956\/#breadcrumb","itemListElement":[{"@type":"ListItem","position":1,"name":"Home","item":"https:\/\/rise.org.ro\/"},{"@type":"ListItem","position":2,"name":"Proiecte","item":"https:\/\/rise.org.ro\/index.php\/proiecte\/"},{"@type":"ListItem","position":3,"name":"Rezultate \u0219i livrabile ale proiectului \u201eConsolidarea institu\u021bional\u0103 a ARRISE pentru dezvoltarea local\u0103 participativ\u0103\u201d Cod SIPOCA\/SMIS: 889\/ 150956"}]},{"@type":"WebSite","@id":"https:\/\/rise.org.ro\/#website","url":"https:\/\/rise.org.ro\/","name":"ARRISE","description":"Just another WordPress site","publisher":{"@id":"https:\/\/rise.org.ro\/#organization"},"potentialAction":[{"@type":"SearchAction","target":{"@type":"EntryPoint","urlTemplate":"https:\/\/rise.org.ro\/?s={search_term_string}"},"query-input":"required name=search_term_string"}],"inLanguage":"en-US"},{"@type":"Organization","@id":"https:\/\/rise.org.ro\/#organization","name":"ARRISE","url":"https:\/\/rise.org.ro\/","sameAs":[],"logo":{"@type":"ImageObject","inLanguage":"en-US","@id":"https:\/\/rise.org.ro\/#\/schema\/logo\/image\/","url":"https:\/\/rise.org.ro\/wp-content\/uploads\/2022\/08\/Logo-ARISSE-01.png","contentUrl":"https:\/\/rise.org.ro\/wp-content\/uploads\/2022\/08\/Logo-ARISSE-01.png","width":591,"height":591,"caption":"ARRISE"},"image":{"@id":"https:\/\/rise.org.ro\/#\/schema\/logo\/image\/"}}]}},"_links":{"self":[{"href":"https:\/\/rise.org.ro\/index.php\/wp-json\/wp\/v2\/pages\/230","targetHints":{"allow":["GET"]}}],"collection":[{"href":"https:\/\/rise.org.ro\/index.php\/wp-json\/wp\/v2\/pages"}],"about":[{"href":"https:\/\/rise.org.ro\/index.php\/wp-json\/wp\/v2\/types\/page"}],"author":[{"embeddable":true,"href":"https:\/\/rise.org.ro\/index.php\/wp-json\/wp\/v2\/users\/1"}],"replies":[{"embeddable":true,"href":"https:\/\/rise.org.ro\/index.php\/wp-json\/wp\/v2\/comments?post=230"}],"version-history":[{"count":4,"href":"https:\/\/rise.org.ro\/index.php\/wp-json\/wp\/v2\/pages\/230\/revisions"}],"predecessor-version":[{"id":234,"href":"https:\/\/rise.org.ro\/index.php\/wp-json\/wp\/v2\/pages\/230\/revisions\/234"}],"up":[{"embeddable":true,"href":"https:\/\/rise.org.ro\/index.php\/wp-json\/wp\/v2\/pages\/45"}],"wp:attachment":[{"href":"https:\/\/rise.org.ro\/index.php\/wp-json\/wp\/v2\/media?parent=230"}],"curies":[{"name":"wp","href":"https:\/\/api.w.org\/{rel}","templated":true}]}}